{"id":8,"date":"2023-06-27T01:32:32","date_gmt":"2023-06-26T23:32:32","guid":{"rendered":"http:\/\/www.kimmogranqvist.fi\/?page_id=8"},"modified":"2024-02-16T22:15:00","modified_gmt":"2024-02-16T20:15:00","slug":"welcome","status":"publish","type":"page","link":"https:\/\/www.kimmogranqvist.fi\/","title":{"rendered":"Tervetuloa sivustolleni Suomen romanikielest\u00e4!"},"content":{"rendered":"\n<p>T\u00e4ll\u00e4 sivustolla esitell\u00e4\u00e4n Suomen romanikielt\u00e4. <\/p>\n","protected":false},"excerpt":{"rendered":"<p>T\u00e4ll\u00e4 sivustolla esitell\u00e4\u00e4n Suomen romanikielt\u00e4.<\/p>\n","protected":false},"author":1,"featured_media":352,"parent":0,"menu_order":0,"comment_status":"closed","ping_status":"closed","template":"","meta":{"footnotes":""},"class_list":["post-8","page","type-page","status-publish","has-post-thumbnail","hentry"],"_links":{"self":[{"href":"https:\/\/www.kimmogranqvist.fi\/index.php\/wp-json\/wp\/v2\/pages\/8","targetHints":{"allow":["GET"]}}],"collection":[{"href":"https:\/\/www.kimmogranqvist.fi\/index.php\/wp-json\/wp\/v2\/pages"}],"about":[{"href":"https:\/\/www.kimmogranqvist.fi\/index.php\/wp-json\/wp\/v2\/types\/page"}],"author":[{"embeddable":true,"href":"https:\/\/www.kimmogranqvist.fi\/index.php\/wp-json\/wp\/v2\/users\/1"}],"replies":[{"embeddable":true,"href":"https:\/\/www.kimmogranqvist.fi\/index.php\/wp-json\/wp\/v2\/comments?post=8"}],"version-history":[{"count":21,"href":"https:\/\/www.kimmogranqvist.fi\/index.php\/wp-json\/wp\/v2\/pages\/8\/revisions"}],"predecessor-version":[{"id":356,"href":"https:\/\/www.kimmogranqvist.fi\/index.php\/wp-json\/wp\/v2\/pages\/8\/revisions\/356"}],"wp:featuredmedia":[{"embeddable":true,"href":"https:\/\/www.kimmogranqvist.fi\/index.php\/wp-json\/wp\/v2\/media\/352"}],"wp:attachment":[{"href":"https:\/\/www.kimmogranqvist.fi\/index.php\/wp-json\/wp\/v2\/media?parent=8"}],"curies":[{"name":"wp","href":"https:\/\/api.w.org\/{rel}","templated":true}]}}